{"id":295,"date":"2016-07-08T11:42:12","date_gmt":"2016-07-08T09:42:12","guid":{"rendered":"http:\/\/www.iz2zph.eu\/?page_id=295"},"modified":"2017-05-19T16:00:03","modified_gmt":"2017-05-19T14:00:03","slug":"endfed-half-wave","status":"publish","type":"page","link":"https:\/\/www.iz2zph.eu\/?page_id=295","title":{"rendered":"EndFed Half Wave"},"content":{"rendered":"<p>L&#8217;antenna EndFed Half Wave questa sconosciuta&#8230;.. anche se tutti ne parlano &#8230;. \u00a0e spesso a sproposito!<\/p>\n<p>La EFHW, da non confondersi con le cosiddette longwire o random wire o fantomatiche verticali, tutte caratterizzate da un UN-UN (non Balun!) con rapporto di trasformazione 9:1,\u00a0\u00e8 una antenna <strong>risonante<\/strong> mono o multibanda che a parit\u00e0 di installazione ha le stesse caratteristiche e prestazioni di un tradizionale dipolo a mezz&#8217;onda con la praticit\u00e0 di poter disporre del punto di alimentazione vicino alla stazione e non al centro.<\/p>\n<p>La particolare configurazione fa s\u00ec che l&#8217;impedenza nel punto di alimentazione sia particolarmente elevata, con valore compreso tra i 3000\u00a0ed i 4000 ohm.<\/p>\n<p>E&#8217; quindi necessario realizzare una rete di adattamento tramite cella LC o quarto d&#8217;onda (se monobanda) o tramite trasformatore\/adattatore con un rapporto prossimo al 64:1 se multibanda.<\/p>\n<p>Come \u00e8 noto, un dipolo \u00e8 una antenna calcolata a 1\/2 Lambda (mezz&#8217;onda) alimentata al centro, quindi bilanciata per costruzione. L&#8217;impedenza teorica nel punto di alimentazione \u00e8 di circa 72 ohm nello spazio libero; avvicinandosi al terreno si riduce.\u00a0Alle estremit\u00e0 l&#8217;impedenza teoricamente \u00e8 infinita, motivo per cui \u00e8 sempre necessario utilizzare ottimi isolatori per il fissaggio dell&#8217;antenna. Alimentandolo al centro, il peso della discesa, soprattutto se realizzata come necessario con cavi di qualit\u00e0, tender\u00e0 a far abbassare il punto di alimentazione oltre che aggravare il carico sui supporti.\u00a0Senza dimenticare che la lunghezza della linea coassiale di alimentazione introduce effetti negativi a livello elettrico oltre che, come visto, meccanico. Per ovviare ad alcune delle limitazioni proprie del dipolo, si potrebbe tentare di alimentarlo ad una estremit\u00e0, mantenendo comunque la lunghezza pari a 1\/2 Lambda. Che succede? Di fatto ci troviamo di fronte ad un monopolo ovvero un elemento radiante singolo che a differenza di una classica verticale da 1\/4 onda \u00e8 lungo esattamente il doppio. Alimentato ad una estremit\u00e0, un simile radiatore presenta una impedenza teorica variabile tra poco meno di 3000 ad oltre 4500 ohm, in funzione dell&#8217;altezza da terra, del diametro del filo utilizzato e di altri fattori connessi. Riportare questa impedenza ad un valore accettabile prossimo ai canonici 50 ohm \u00e8 problematico, sia per le perdite che si introdurrebbero, superabili parzialmente collegando l&#8217;adattatore di antenna (normalmente di tipo &#8216;L&#8217; o &#8216;Z&#8217;) \u00a0nei pressi del punto di alimentazione, sia per il non facile dimensionamento della stessa rete di adattamento. Come ovviare al problema? \u00a0Vanno distinti due casi: utilizzo come monobanda o come multibanda, le due configurazione in cui pu\u00f2 essere realizzata l&#8217;antenna<\/p>\n<p>Brevemente, a parit\u00e0 di lunghezza, la versione monobanda presenta una cella LC di adattamento realizzata con una induttanza su toroide (basse . medie potenze) o in aria (alte potenza) accoppiata ad un condensatore ceramico da almeno 2kv (basse potenze) fino a 5kv ed oltre (alte potenze). La cella LC \u00e8 risonante nel punto di maggiore interesse o per lo meno nel centro banda. Normalmente non \u00e8 richiesto un adattamento ulteriore, salvo che in 80 e 160 per garantirci una maggior banda passante. Non \u00e8 utilizzabile al di fuori della banda di &#8220;taglio&#8221;<\/p>\n<p>La versione multibanda \u00e8 adattata con un trasformatore realizzato su nucleo toroidale. Il rapporto di trasformazione \u00e8 compreso tra 1:50 e 1:64 in funzione dei materiali utilizzati, altezza da terra, diametro del radiatore e bont\u00e0 di realizzazione. In questa configurazione, dove l&#8217;antenna \u00e8 tagliata per la banda pi\u00f9 bassa, \u00e8 possibile fa rientrare agevolmente entro un SWR 2.0 o inferiore le armoniche pari superiore. Qualche difficolt\u00e0 sui 10m, ma \u00e8 possibile superare\u00a0il problema introducendo nel circuito una condensatore di piccola capacit\u00e0\u00a0per compensare l&#8217;eccesso di induttanza.<\/p>\n<p><em><strong>adattamento e SWR<\/strong><\/em><\/p>\n<p><img loading=\"lazy\" decoding=\"async\" class=\"alignnone size-full wp-image-1595\" src=\"http:\/\/www.iz2zph.eu\/wp-content\/uploads\/2016\/07\/demo.png\" alt=\"\" width=\"335\" height=\"208\" srcset=\"https:\/\/www.iz2zph.eu\/wp-content\/uploads\/2016\/07\/demo.png 335w, https:\/\/www.iz2zph.eu\/wp-content\/uploads\/2016\/07\/demo-300x186.png 300w, https:\/\/www.iz2zph.eu\/wp-content\/uploads\/2016\/07\/demo-100x62.png 100w, https:\/\/www.iz2zph.eu\/wp-content\/uploads\/2016\/07\/demo-150x93.png 150w, https:\/\/www.iz2zph.eu\/wp-content\/uploads\/2016\/07\/demo-200x124.png 200w\" sizes=\"(max-width: 335px) 100vw, 335px\" \/><\/p>\n<p>come si nota la combinazione di impedenza e capacit\u00e0 contribuisce a meglio adattare l&#8217;antenna.<\/p>\n<p>Si tratta di un radiatore di poco p\u00ec\u00f9 di 40 metri utilizzato in configurazione multibanda con trasformatore 1:64<\/p>\n<p>Naturalmente lavorando sulle armoniche pari non \u00e8 possibile operare direttamente le warc. Il modo pi\u00f9 semplice, senza realizzare una antenna dedicata, \u00e8 collegare un secondo radiatore tagliato per i 30 o i 17 metri e stenderlo a 180 gradi da quello principale. le interazioni saranno minime e si potr\u00e0 coprire una banda supplementare<\/p>\n<p>Allego alcuni esempi pratici.<\/p>\n<ul class=\"lcp_catlist\" id=\"lcp_instance_0\"><li><a href=\"https:\/\/www.iz2zph.eu\/?p=254\">EFHW senza trasformatore<\/a><\/li><li><a href=\"https:\/\/www.iz2zph.eu\/?p=251\">EFHW monobanda<\/a><\/li><li><a href=\"https:\/\/www.iz2zph.eu\/?p=234\">EFHW multibanda &#8211; 40 (80) \/ 6m<\/a><\/li><li><a href=\"https:\/\/www.iz2zph.eu\/?p=158\">EFHW &#8211; bande basse<\/a><\/li><\/ul>\n","protected":false},"excerpt":{"rendered":"<p>L&#8217;antenna EndFed Half Wave questa sconosciuta&#8230;.. anche se tutti ne parlano &#8230;. \u00a0e spesso a sproposito! La EFHW, da non confondersi con le cosiddette longwire o random wire o fantomatiche verticali, tutte caratterizzate da un UN-UN (non Balun!) con rapporto<span class=\"ellipsis\">&hellip;<\/span><\/p>\n<div class=\"read-more\"><a href=\"https:\/\/www.iz2zph.eu\/?page_id=295\">Continua a leggere <span class=\"screen-reader-text\">EndFed Half Wave<\/span><span class=\"meta-nav\"> &#8250;<\/span><\/a><\/div>\n<p><!-- end of .read-more --><\/p>\n","protected":false},"author":1,"featured_media":0,"parent":0,"menu_order":4,"comment_status":"closed","ping_status":"closed","template":"","meta":{"footnotes":""},"class_list":["post-295","page","type-page","status-publish","hentry"],"_links":{"self":[{"href":"https:\/\/www.iz2zph.eu\/index.php?rest_route=\/wp\/v2\/pages\/295"}],"collection":[{"href":"https:\/\/www.iz2zph.eu\/index.php?rest_route=\/wp\/v2\/pages"}],"about":[{"href":"https:\/\/www.iz2zph.eu\/index.php?rest_route=\/wp\/v2\/types\/page"}],"author":[{"embeddable":true,"href":"https:\/\/www.iz2zph.eu\/index.php?rest_route=\/wp\/v2\/users\/1"}],"replies":[{"embeddable":true,"href":"https:\/\/www.iz2zph.eu\/index.php?rest_route=%2Fwp%2Fv2%2Fcomments&post=295"}],"version-history":[{"count":14,"href":"https:\/\/www.iz2zph.eu\/index.php?rest_route=\/wp\/v2\/pages\/295\/revisions"}],"predecessor-version":[{"id":1599,"href":"https:\/\/www.iz2zph.eu\/index.php?rest_route=\/wp\/v2\/pages\/295\/revisions\/1599"}],"wp:attachment":[{"href":"https:\/\/www.iz2zph.eu\/index.php?rest_route=%2Fwp%2Fv2%2Fmedia&parent=295"}],"curies":[{"name":"wp","href":"https:\/\/api.w.org\/{rel}","templated":true}]}}