{"id":2165,"date":"2018-05-28T15:17:45","date_gmt":"2018-05-28T13:17:45","guid":{"rendered":"https:\/\/www.iz2zph.eu\/?page_id=2165"},"modified":"2021-08-19T09:11:23","modified_gmt":"2021-08-19T07:11:23","slug":"privacy-policy","status":"publish","type":"page","link":"https:\/\/www.iz2zph.eu\/?page_id=2165","title":{"rendered":"Privacy Policy"},"content":{"rendered":"<h2>Chi siamo<\/h2>\n<p>L&#8217;indirizzo del sito web \u00e8: https:\/\/www.iz2zph.eu.<\/p>\n<p>Non \u00e8 un sito a carattere commerciale o di marketing. Contiene soltanto opinioni ed esperienze personali.<\/p>\n<p>Non \u00e8 una pubblicazione a carattere periodico o editoriale<\/p>\n<h2>Quali dati personali raccogliamo e perch\u00e9 li raccogliamo<\/h2>\n<h3>Modulo di contatto<\/h3>\n<p>Le informazioni comunicate con il modulo di contatto sono utilizzate al solo fine di consentire un contatto senza fini commerciali o di marketing.<\/p>\n<h3>Cookie<\/h3>\n<p>Se lasci le informazioni di contatto sul nostro sito, puoi scegliere di salvare il tuo nome, indirizzo email e sito web nei cookie. Sono usati per la tua comodit\u00e0 in modo che tu non debba inserire nuovamente i tuoi dati quando lasci un altro commento. Questi cookie dureranno per un anno. Il soto non salva le informazioni di contatto comunicate.<\/p>\n<h3>Contenuto incorporato da altri siti web<\/h3>\n<p>Gli articoli su questo sito possono includere contenuti incorporati (ad esempio video, immagini, articoli, ecc.). I contenuti incorporati da altri siti web si comportano esattamente allo stesso modo come se il visitatore avesse visitato l&#8217;altro sito web.<\/p>\n<p>Questi siti web possono raccogliere dati su di te, usare cookie, integrare ulteriori tracciamenti di terze parti e monitorare l&#8217;interazione con quel contenuto incorporato, incluso il tracciamento della tua interazione con il contenuto incorporato se hai un account e hai effettuato l&#8217;accesso a quel sito web.<\/p>\n<h3>Analytics<\/h3>\n<h2>Con chi condividiamo i tuoi dati<\/h2>\n<h2>Per quanto tempo conserviamo i tuoi dati<\/h2>\n<p>Se lasci un commento, il commento e i relativi metadati vengono conservati a tempo indeterminato. \u00c8 cos\u00ec che possiamo riconoscere e approvare automaticamente eventuali commenti successivi invece di tenerli in una coda di moderazione.<\/p>\n<h2>Quali diritti hai sui tuoi dati<\/h2>\n<p>Non \u00e8 possibile aprire un account personale n\u00e8 lasciare commenti. Nessun dato viene memorizzato<\/p>\n<h2>Dove spediamo i tuoi dati<\/h2>\n<p>Non sono registrati dati personali, non \u00e8 attiva nessuna condivisione con terzi<\/p>\n<h2><\/h2>\n<h3><\/h3>\n","protected":false},"excerpt":{"rendered":"<p>Chi siamo L&#8217;indirizzo del sito web \u00e8: https:\/\/www.iz2zph.eu. Non \u00e8 un sito a carattere commerciale o di marketing. Contiene soltanto opinioni ed esperienze personali. Non \u00e8 una pubblicazione a carattere periodico o editoriale Quali dati personali raccogliamo e perch\u00e9 li<span class=\"ellipsis\">&hellip;<\/span><\/p>\n<div class=\"read-more\"><a href=\"https:\/\/www.iz2zph.eu\/?page_id=2165\">Continua a leggere <span class=\"screen-reader-text\">Privacy Policy<\/span><span class=\"meta-nav\"> &#8250;<\/span><\/a><\/div>\n<p><!-- end of .read-more --><\/p>\n","protected":false},"author":1,"featured_media":0,"parent":0,"menu_order":32,"comment_status":"closed","ping_status":"closed","template":"","meta":{"footnotes":""},"class_list":["post-2165","page","type-page","status-publish","hentry"],"_links":{"self":[{"href":"https:\/\/www.iz2zph.eu\/index.php?rest_route=\/wp\/v2\/pages\/2165"}],"collection":[{"href":"https:\/\/www.iz2zph.eu\/index.php?rest_route=\/wp\/v2\/pages"}],"about":[{"href":"https:\/\/www.iz2zph.eu\/index.php?rest_route=\/wp\/v2\/types\/page"}],"author":[{"embeddable":true,"href":"https:\/\/www.iz2zph.eu\/index.php?rest_route=\/wp\/v2\/users\/1"}],"replies":[{"embeddable":true,"href":"https:\/\/www.iz2zph.eu\/index.php?rest_route=%2Fwp%2Fv2%2Fcomments&post=2165"}],"version-history":[{"count":5,"href":"https:\/\/www.iz2zph.eu\/index.php?rest_route=\/wp\/v2\/pages\/2165\/revisions"}],"predecessor-version":[{"id":2190,"href":"https:\/\/www.iz2zph.eu\/index.php?rest_route=\/wp\/v2\/pages\/2165\/revisions\/2190"}],"wp:attachment":[{"href":"https:\/\/www.iz2zph.eu\/index.php?rest_route=%2Fwp%2Fv2%2Fmedia&parent=2165"}],"curies":[{"name":"wp","href":"https:\/\/api.w.org\/{rel}","templated":true}]}}